{"id":3024,"date":"2024-03-10T00:21:30","date_gmt":"2024-03-10T00:21:30","guid":{"rendered":"https:\/\/lightupracing.com\/evento-lur-2\/"},"modified":"2024-07-23T14:00:51","modified_gmt":"2024-07-23T14:00:51","slug":"evento-lur-2","status":"publish","type":"page","link":"https:\/\/lightupracing.com\/es\/evento-lur-2\/","title":{"rendered":"Evento LUR 2"},"content":{"rendered":"\t\t<div data-elementor-type=\"wp-page\" data-elementor-id=\"3024\" class=\"elementor elementor-3024 elementor-2615\" data-elementor-post-type=\"page\">\n\t\t\t\t<div class=\"elementor-element elementor-element-b83aefa full-width e-con-full e-flex e-con e-parent\" data-id=\"b83aefa\" data-element_type=\"container\" data-e-type=\"container\" data-settings=\"{&quot;background_background&quot;:&quot;classic&quot;,&quot;jet_parallax_layout_list&quot;:[]}\">\n\t\t\t\t<div class=\"elementor-element elementor-element-7ab7941 elementor-invisible elementor-widget elementor-widget-heading\" data-id=\"7ab7941\" data-element_type=\"widget\" data-e-type=\"widget\" data-settings=\"{&quot;_animation&quot;:&quot;fadeInUp&quot;}\" data-widget_type=\"heading.default\">\n\t\t\t\t<div class=\"elementor-widget-container\">\n\t\t\t\t\t<h3 class=\"elementor-heading-title elementor-size-default\">PRESENTACI\u00d3N<\/h3>\t\t\t\t<\/div>\n\t\t\t\t<\/div>\n\t\t\t\t<div class=\"elementor-element elementor-element-18e9ee3 elementor-widget elementor-widget-spacer\" data-id=\"18e9ee3\" data-element_type=\"widget\" data-e-type=\"widget\" data-widget_type=\"spacer.default\">\n\t\t\t\t<div class=\"elementor-widget-container\">\n\t\t\t\t\t\t\t<div class=\"elementor-spacer\">\n\t\t\t<div class=\"elementor-spacer-inner\"><\/div>\n\t\t<\/div>\n\t\t\t\t\t\t<\/div>\n\t\t\t\t<\/div>\n\t\t\t\t<div class=\"elementor-element elementor-element-97b5419 elementor-widget elementor-widget-heading\" data-id=\"97b5419\" data-element_type=\"widget\" data-e-type=\"widget\" data-widget_type=\"heading.default\">\n\t\t\t\t<div class=\"elementor-widget-container\">\n\t\t\t\t\t<h2 class=\"elementor-heading-title elementor-size-default\">LIGHT UP RACING<\/h2>\t\t\t\t<\/div>\n\t\t\t\t<\/div>\n\t\t<div class=\"elementor-element elementor-element-45f607e e-con-full e-flex e-con e-child\" data-id=\"45f607e\" data-element_type=\"container\" data-e-type=\"container\" data-settings=\"{&quot;jet_parallax_layout_list&quot;:[]}\">\n\t\t\t\t<div class=\"elementor-element elementor-element-bc7ac69 elementor-invisible elementor-widget elementor-widget-heading\" data-id=\"bc7ac69\" data-element_type=\"widget\" data-e-type=\"widget\" data-settings=\"{&quot;_animation&quot;:&quot;fadeInUp&quot;}\" data-widget_type=\"heading.default\">\n\t\t\t\t<div class=\"elementor-widget-container\">\n\t\t\t\t\t<h3 class=\"elementor-heading-title elementor-size-default\">Transformar las opiniones negativas en mensajes positivos <\/h3>\t\t\t\t<\/div>\n\t\t\t\t<\/div>\n\t\t\t\t<div class=\"elementor-element elementor-element-f5b9cc1 elementor-invisible elementor-widget elementor-widget-heading\" data-id=\"f5b9cc1\" data-element_type=\"widget\" data-e-type=\"widget\" data-settings=\"{&quot;_animation&quot;:&quot;fadeInUp&quot;}\" data-widget_type=\"heading.default\">\n\t\t\t\t<div class=\"elementor-widget-container\">\n\t\t\t\t\t<h3 class=\"elementor-heading-title elementor-size-default\">Keeneland, 5 de marzo de 2024<\/h3>\t\t\t\t<\/div>\n\t\t\t\t<\/div>\n\t\t\t\t<div class=\"elementor-element elementor-element-d6ba373 elementor-invisible elementor-widget elementor-widget-text-editor\" data-id=\"d6ba373\" data-element_type=\"widget\" data-e-type=\"widget\" data-settings=\"{&quot;_animation&quot;:&quot;fadeInUp&quot;}\" data-widget_type=\"text-editor.default\">\n\t\t\t\t<div class=\"elementor-widget-container\">\n\t\t\t\t\t\t\t\t\t<p>Vea el v\u00eddeo de la segunda velada de presentaci\u00f3n de Light Up, en la que ofrecemos tres niveles de compromiso: red, comunidad y cohorte. A continuaci\u00f3n, se expondr\u00e1n algunas buenas pr\u00e1cticas e ideas sobre c\u00f3mo ofrecer una entrevista de calidad a los medios de comunicaci\u00f3n y contenidos atractivos en las redes sociales.<\/p>\n<p>A partir del primer nivel, los miembros de la red Light Up Racing tendr\u00e1n acceso a recursos por correo electr\u00f3nico y a la p\u00e1gina web de la iniciativa, que les proporcionar\u00e1n recursos esenciales, mensajes clave y temas de conversaci\u00f3n para abordar cualquier cuesti\u00f3n dif\u00edcil.<\/p>\n<p>A partir de ah\u00ed, la participaci\u00f3n se ampliar\u00eda al nivel de comunidad, que pretende reunir una red social de 1.000 miembros y simpatizantes del sector para combatir la desinformaci\u00f3n sobre el sector con respuestas oportunas y fundamentadas, al tiempo que se distribuyen contenidos positivos sobre las carreras.<\/p>\n<p>El nivel superior ser\u00eda la cohorte, Light Up Racing pretende establecer un grupo de 100 personas que hayan pasado por la formaci\u00f3n oficial en medios de comunicaci\u00f3n y medios sociales. El objetivo es establecer y apoyar a un equipo de personas dispuestas a convertirse en aut\u00e9nticos influencers, formando una red de base de portavoces de la industria.<\/p>\n\t\t\t\t\t\t\t\t<\/div>\n\t\t\t\t<\/div>\n\t\t\t\t<div class=\"elementor-element elementor-element-4dbf0d2 elementor-widget elementor-widget-button\" data-id=\"4dbf0d2\" data-element_type=\"widget\" data-e-type=\"widget\" data-widget_type=\"button.default\">\n\t\t\t\t<div class=\"elementor-widget-container\">\n\t\t\t\t\t\t\t\t\t<div class=\"elementor-button-wrapper\">\n\t\t\t\t\t<a class=\"elementor-button elementor-button-link elementor-size-sm\" href=\"https:\/\/lightupracing.com\/es\/afiliarse\/\">\n\t\t\t\t\t\t<span class=\"elementor-button-content-wrapper\">\n\t\t\t\t\t\t\t\t\t<span class=\"elementor-button-text\">Afiliarse<\/span>\n\t\t\t\t\t<\/span>\n\t\t\t\t\t<\/a>\n\t\t\t\t<\/div>\n\t\t\t\t\t\t\t\t<\/div>\n\t\t\t\t<\/div>\n\t\t\t\t<\/div>\n\t\t\t\t<\/div>\n\t\t<div class=\"elementor-element elementor-element-a0db5cc pt_l e-flex e-con-boxed e-con e-parent\" data-id=\"a0db5cc\" data-element_type=\"container\" data-e-type=\"container\" data-settings=\"{&quot;jet_parallax_layout_list&quot;:[]}\">\n\t\t\t\t\t<div class=\"e-con-inner\">\n\t\t\t\t<div class=\"elementor-element elementor-element-a4e6c17 elementor-widget elementor-widget-video\" data-id=\"a4e6c17\" data-element_type=\"widget\" data-e-type=\"widget\" data-settings=\"{&quot;video_type&quot;:&quot;vimeo&quot;}\" data-widget_type=\"video.default\">\n\t\t\t\t<div class=\"elementor-widget-container\">\n\t\t\t\t\t\t\t<div class=\"elementor-wrapper elementor-open-inline\">\n\t\t\t<iframe class=\"elementor-video-iframe\" allowfullscreen allow=\"clipboard-write\" title=\"Reproductor de v\u00eddeo vimeo\" src=\"https:\/\/player.vimeo.com\/video\/921613455?color&amp;autopause=0&amp;loop=0&amp;muted=0&amp;title=1&amp;portrait=1&amp;byline=1#t=\"><\/iframe>\t\t<\/div>\n\t\t\t\t\t\t<\/div>\n\t\t\t\t<\/div>\n\t\t\t\t\t<\/div>\n\t\t\t\t<\/div>\n\t\t<div class=\"elementor-element elementor-element-f71b275 pt_l pb_l e-flex e-con-boxed e-con e-parent\" data-id=\"f71b275\" data-element_type=\"container\" data-e-type=\"container\" data-settings=\"{&quot;background_background&quot;:&quot;classic&quot;,&quot;jet_parallax_layout_list&quot;:[]}\">\n\t\t\t\t\t<div class=\"e-con-inner\">\n\t\t<div class=\"elementor-element elementor-element-dd8ef26 e-con-full e-flex e-con e-child\" data-id=\"dd8ef26\" data-element_type=\"container\" data-e-type=\"container\" data-settings=\"{&quot;jet_parallax_layout_list&quot;:[]}\">\n\t\t\t\t<div class=\"elementor-element elementor-element-cf3b67c elementor-invisible elementor-widget elementor-widget-heading\" data-id=\"cf3b67c\" data-element_type=\"widget\" data-e-type=\"widget\" data-settings=\"{&quot;_animation&quot;:&quot;fadeInUp&quot;}\" data-widget_type=\"heading.default\">\n\t\t\t\t<div class=\"elementor-widget-container\">\n\t\t\t\t\t<h2 class=\"elementor-heading-title elementor-size-default\">Afiliarse<\/h2>\t\t\t\t<\/div>\n\t\t\t\t<\/div>\n\t\t\t\t<div class=\"elementor-element elementor-element-eef207f elementor-widget-tablet__width-inherit elementor-invisible elementor-widget elementor-widget-text-editor\" data-id=\"eef207f\" data-element_type=\"widget\" data-e-type=\"widget\" data-settings=\"{&quot;_animation&quot;:&quot;fadeInUp&quot;}\" data-widget_type=\"text-editor.default\">\n\t\t\t\t<div class=\"elementor-widget-container\">\n\t\t\t\t\t\t\t\t\t<div class=\"sp\">\n<div class=\"inspectLayerContent block inspectRow\">\n<div class=\"content\">\n<div class=\"sp\">\n<div class=\"inspectLayerContent block inspectRow\">\n<div class=\"content\">\n<div class=\"sp\">\n<div class=\"inspectLayerContent block inspectRow\">\n<div class=\"content\">Rellena el formulario para hacerte socio de Light Up<\/div>\n<\/div>\n<\/div>\n<div class=\"sp\">&nbsp;<\/div>\n<\/div>\n<\/div>\n<\/div>\n<\/div>\n<\/div>\n<\/div>\t\t\t\t\t\t\t\t<\/div>\n\t\t\t\t<\/div>\n\t\t\t\t<\/div>\n\t\t<div class=\"elementor-element elementor-element-e8d7779 e-con-full e-flex e-con e-child\" data-id=\"e8d7779\" data-element_type=\"container\" data-e-type=\"container\" data-settings=\"{&quot;jet_parallax_layout_list&quot;:[]}\">\n\t\t\t\t<div class=\"elementor-element elementor-element-b8ab117 elementor-button-align-start elementor-widget__width-initial disable-appearing elementor-widget-tablet__width-inherit elementor-invisible elementor-widget elementor-widget-form\" data-id=\"b8ab117\" data-element_type=\"widget\" data-e-type=\"widget\" data-settings=\"{&quot;step_next_label&quot;:&quot;Siguiente&quot;,&quot;step_previous_label&quot;:&quot;Anterior&quot;,&quot;_animation&quot;:&quot;fadeInUp&quot;,&quot;button_width&quot;:&quot;100&quot;,&quot;step_type&quot;:&quot;number_text&quot;,&quot;step_icon_shape&quot;:&quot;circle&quot;}\" data-widget_type=\"form.default\">\n\t\t\t\t<div class=\"elementor-widget-container\">\n\t\t\t\t\t\t\t<form class=\"elementor-form\" method=\"post\" name=\"Whitepaper Formulario de contacto\" aria-label=\"Whitepaper Formulario de contacto\">\n\t\t\t<input type=\"hidden\" name=\"post_id\" value=\"3024\"\/>\n\t\t\t<input type=\"hidden\" name=\"form_id\" value=\"b8ab117\"\/>\n\t\t\t<input type=\"hidden\" name=\"referer_title\" value=\"Evento LUR 2 - Light Up Racing\" \/>\n\n\t\t\t\t\t\t\t<input type=\"hidden\" name=\"queried_id\" value=\"3024\"\/>\n\t\t\t\n\t\t\t<div class=\"elementor-form-fields-wrapper elementor-labels-above\">\n\t\t\t\t\t\t\t\t<div class=\"elementor-field-type-text elementor-field-group elementor-column elementor-field-group-youremail elementor-col-50\">\n\t\t\t\t\t\t\t\t\t\t\t\t<label for=\"form-field-youremail\" class=\"elementor-field-label\">\n\t\t\t\t\t\t\t\tNombre\t\t\t\t\t\t\t<\/label>\n\t\t\t\t\t\t\t\t\t\t\t\t\t\t<input size=\"1\" type=\"text\" name=\"form_fields[youremail]\" id=\"form-field-youremail\" class=\"elementor-field elementor-size-lg  elementor-field-textual\">\n\t\t\t\t\t\t\t\t\t\t\t<\/div>\n\t\t\t\t\t\t\t\t<div class=\"elementor-field-type-text elementor-field-group elementor-column elementor-field-group-field_b001407 elementor-col-50\">\n\t\t\t\t\t\t\t\t\t\t\t\t<label for=\"form-field-field_b001407\" class=\"elementor-field-label\">\n\t\t\t\t\t\t\t\tApellido\t\t\t\t\t\t\t<\/label>\n\t\t\t\t\t\t\t\t\t\t\t\t\t\t<input size=\"1\" type=\"text\" name=\"form_fields[field_b001407]\" id=\"form-field-field_b001407\" class=\"elementor-field elementor-size-lg  elementor-field-textual\">\n\t\t\t\t\t\t\t\t\t\t\t<\/div>\n\t\t\t\t\t\t\t\t<div class=\"elementor-field-type-text elementor-field-group elementor-column elementor-field-group-field_4ead368 elementor-col-50\">\n\t\t\t\t\t\t\t\t\t\t\t\t<label for=\"form-field-field_4ead368\" class=\"elementor-field-label\">\n\t\t\t\t\t\t\t\tTel\u00e9fono\t\t\t\t\t\t\t<\/label>\n\t\t\t\t\t\t\t\t\t\t\t\t\t\t<input size=\"1\" type=\"text\" name=\"form_fields[field_4ead368]\" id=\"form-field-field_4ead368\" class=\"elementor-field elementor-size-lg  elementor-field-textual\">\n\t\t\t\t\t\t\t\t\t\t\t<\/div>\n\t\t\t\t\t\t\t\t<div class=\"elementor-field-type-email elementor-field-group elementor-column elementor-field-group-field_ae7fbf0 elementor-col-50 elementor-field-required elementor-mark-required\">\n\t\t\t\t\t\t\t\t\t\t\t\t<label for=\"form-field-field_ae7fbf0\" class=\"elementor-field-label\">\n\t\t\t\t\t\t\t\tCorreo electr\u00f3nico\t\t\t\t\t\t\t<\/label>\n\t\t\t\t\t\t\t\t\t\t\t\t\t\t<input size=\"1\" type=\"email\" name=\"form_fields[field_ae7fbf0]\" id=\"form-field-field_ae7fbf0\" class=\"elementor-field elementor-size-lg  elementor-field-textual\" required=\"required\">\n\t\t\t\t\t\t\t\t\t\t\t<\/div>\n\t\t\t\t\t\t\t\t<div class=\"elementor-field-type-recaptcha_v3 elementor-field-group elementor-column elementor-field-group-field_610f4e8 elementor-col-100 recaptcha_v3-bottomright\">\n\t\t\t\t\t<div class=\"elementor-field\" id=\"form-field-field_610f4e8\"><div class=\"elementor-g-recaptcha\" data-sitekey=\"6Le2yxUpAAAAAFIRdHd-AGvzVd8PZKJ_CriiYn8w\" data-type=\"v3\" data-action=\"Form\" data-badge=\"bottomright\" data-size=\"invisible\"><\/div><\/div>\t\t\t\t<\/div>\n\t\t\t\t\t\t\t\t<div class=\"elementor-field-group elementor-column elementor-field-type-submit elementor-col-100 e-form__buttons\">\n\t\t\t\t\t<button class=\"elementor-button elementor-size-md\" type=\"submit\">\n\t\t\t\t\t\t<span class=\"elementor-button-content-wrapper\">\n\t\t\t\t\t\t\t\t\t\t\t\t\t\t\t\t\t\t\t\t\t\t<span class=\"elementor-button-text\">Enviar<\/span>\n\t\t\t\t\t\t\t\t\t\t\t\t\t<\/span>\n\t\t\t\t\t<\/button>\n\t\t\t\t<\/div>\n\t\t\t<\/div>\n\t\t<\/form>\n\t\t\t\t\t\t<\/div>\n\t\t\t\t<\/div>\n\t\t\t\t<\/div>\n\t\t\t\t\t<\/div>\n\t\t\t\t<\/div>\n\t\t<div class=\"elementor-element elementor-element-9d51666 pt_l pb_l e-flex e-con-boxed e-con e-parent\" data-id=\"9d51666\" data-element_type=\"container\" data-e-type=\"container\" data-settings=\"{&quot;jet_parallax_layout_list&quot;:[]}\">\n\t\t\t\t\t<div class=\"e-con-inner\">\n\t\t\t\t<div class=\"elementor-element elementor-element-b3fea5e elementor-widget elementor-widget-jet-listing-dynamic-terms\" data-id=\"b3fea5e\" data-element_type=\"widget\" data-e-type=\"widget\" data-widget_type=\"jet-listing-dynamic-terms.default\">\n\t\t\t\t<div class=\"elementor-widget-container\">\n\t\t\t\t\t<div class=\"jet-listing jet-listing-dynamic-terms\"><\/div>\t\t\t\t<\/div>\n\t\t\t\t<\/div>\n\t\t\t\t<div class=\"elementor-element elementor-element-a66adb3 elementor-absolute elementor-widget elementor-widget-image\" data-id=\"a66adb3\" data-element_type=\"widget\" data-e-type=\"widget\" data-settings=\"{&quot;_position&quot;:&quot;absolute&quot;}\" data-widget_type=\"image.default\">\n\t\t\t\t<div class=\"elementor-widget-container\">\n\t\t\t\t\t\t\t\t\t\t\t\t\t\t\t<img fetchpriority=\"high\" decoding=\"async\" width=\"800\" height=\"521\" src=\"https:\/\/lightupracing.com\/wp-content\/uploads\/2023\/11\/LUR-RBG-logo-04.png\" class=\"attachment-large size-large wp-image-2815\" alt=\"\" srcset=\"https:\/\/lightupracing.com\/wp-content\/uploads\/2023\/11\/LUR-RBG-logo-04.png 892w, https:\/\/lightupracing.com\/wp-content\/uploads\/2023\/11\/LUR-RBG-logo-04-300x195.png 300w, https:\/\/lightupracing.com\/wp-content\/uploads\/2023\/11\/LUR-RBG-logo-04-768x500.png 768w\" sizes=\"(max-width: 800px) 100vw, 800px\" \/>\t\t\t\t\t\t\t\t\t\t\t\t\t\t\t<\/div>\n\t\t\t\t<\/div>\n\t\t\t\t\t<\/div>\n\t\t\t\t<\/div>\n\t\t\t\t<\/div>\n\t\t","protected":false},"excerpt":{"rendered":"<p>PRESENTACI\u00d3N LIGHT UP RACING Transformar las opiniones negativas en mensajes positivos Keeneland, 5 de marzo de 2024 Vea el v\u00eddeo de la segunda velada de presentaci\u00f3n de Light Up, en la que ofrecemos tres niveles de compromiso: red, comunidad y cohorte. A continuaci\u00f3n, se expondr\u00e1n algunas buenas pr\u00e1cticas e ideas sobre c\u00f3mo ofrecer una entrevista [&hellip;]<\/p>\n","protected":false},"author":2,"featured_media":2961,"parent":0,"menu_order":0,"comment_status":"closed","ping_status":"closed","template":"page-transparent-header.php","meta":{"footnotes":""},"class_list":["post-3024","page","type-page","status-publish","has-post-thumbnail","hentry"],"_links":{"self":[{"href":"https:\/\/lightupracing.com\/es\/wp-json\/wp\/v2\/pages\/3024","targetHints":{"allow":["GET"]}}],"collection":[{"href":"https:\/\/lightupracing.com\/es\/wp-json\/wp\/v2\/pages"}],"about":[{"href":"https:\/\/lightupracing.com\/es\/wp-json\/wp\/v2\/types\/page"}],"author":[{"embeddable":true,"href":"https:\/\/lightupracing.com\/es\/wp-json\/wp\/v2\/users\/2"}],"replies":[{"embeddable":true,"href":"https:\/\/lightupracing.com\/es\/wp-json\/wp\/v2\/comments?post=3024"}],"version-history":[{"count":8,"href":"https:\/\/lightupracing.com\/es\/wp-json\/wp\/v2\/pages\/3024\/revisions"}],"predecessor-version":[{"id":4709,"href":"https:\/\/lightupracing.com\/es\/wp-json\/wp\/v2\/pages\/3024\/revisions\/4709"}],"wp:featuredmedia":[{"embeddable":true,"href":"https:\/\/lightupracing.com\/es\/wp-json\/wp\/v2\/media\/2961"}],"wp:attachment":[{"href":"https:\/\/lightupracing.com\/es\/wp-json\/wp\/v2\/media?parent=3024"}],"curies":[{"name":"wp","href":"https:\/\/api.w.org\/{rel}","templated":true}]}}